{"id":3203,"date":"2020-05-21T05:33:10","date_gmt":"2020-05-21T02:33:10","guid":{"rendered":"http:\/\/www.medikasol.com\/about-us\/"},"modified":"2020-06-24T14:29:49","modified_gmt":"2020-06-24T11:29:49","slug":"about-us","status":"publish","type":"page","link":"https:\/\/www.medikasol.com\/en\/about-us\/","title":{"rendered":"About Us"},"content":{"rendered":"<p>[vc_row rt_row_background_width=&#8221;fullwidth&#8221; rt_row_content_width=&#8221;default&#8221; rt_row_style=&#8221;alt-style-2&#8243; rt_row_borders=&#8221;&#8221; rt_row_shadows=&#8221;&#8221; rt_row_paddings=&#8221;true&#8221; rt_bg_effect=&#8221;parallax&#8221; rt_bg_parallax_effect=&#8221;1&#8243; rt_bg_image_repeat=&#8221;repeat&#8221; rt_bg_size=&#8221;cover&#8221; rt_bg_position=&#8221;center bottom&#8221; rt_bg_video_format=&#8221;self-hosted&#8221; rt_padding_top=&#8221;190&#8243; rt_padding_bottom=&#8221;0&#8243; rt_grid=&#8221;&#8221; rt_bg_color=&#8221;#a2a5aa&#8221; rt_bg_overlay_color=&#8221;rgba(162,165,170,0.75)&#8221; rt_bg_image=&#8221;1911&#8243;][vc_column width=&#8221;1\/2&#8243; rt_column_shadow=&#8221;&#8221; rt_bg_image_repeat=&#8221;repeat&#8221; rt_bg_size=&#8221;auto auto&#8221; rt_bg_attachment=&#8221;scroll&#8221;][vc_empty_space height=&#8221;90px&#8221;]<div class=\"rt_heading_wrapper no-style\">\n\t\t\t\t\t\t<h1 class=\"rt_heading  no-style\"  style=\"font-size:50px;line-height:50px;letter-spacing:2px;\">ABOUT MEDIKASOL<\/h1>\n\t\t\t\t\t<\/div>[\/vc_column][vc_column width=&#8221;1\/2&#8243; rt_column_shadow=&#8221;&#8221; rt_bg_image_repeat=&#8221;repeat&#8221; rt_bg_size=&#8221;auto auto&#8221; rt_bg_attachment=&#8221;scroll&#8221;][vc_column_text]<br \/>\n[\/vc_column_text][\/vc_column][\/vc_row][vc_row rt_row_background_width=&#8221;fullwidth&#8221; rt_row_content_width=&#8221;default&#8221; rt_row_style=&#8221;default-style&#8221; rt_row_borders=&#8221;bottom&#8221; rt_row_shadows=&#8221;&#8221; rt_row_paddings=&#8221;true&#8221; rt_bg_effect=&#8221;classic&#8221; rt_bg_image_repeat=&#8221;repeat&#8221; rt_bg_size=&#8221;cover&#8221; rt_bg_position=&#8221;right top&#8221; rt_bg_attachment=&#8221;scroll&#8221; rt_bg_video_format=&#8221;self-hosted&#8221; rt_padding_bottom=&#8221;60&#8243;][vc_column width=&#8221;1\/2&#8243; rt_column_shadow=&#8221;&#8221; rt_bg_image_repeat=&#8221;repeat&#8221; rt_bg_size=&#8221;auto auto&#8221; rt_bg_attachment=&#8221;scroll&#8221;][vc_column_text]The use of medical equipment to protect human health in the community is extremely important in hospitals and clinics, as well as in epidemic periods. <strong>Medikasol<\/strong> has adopted the role of defending a better and healthier world with its expert staff and solution partners that have the production facilities and product quality at <strong>World Health Organization standards.<\/strong> We continue to deliver the service and product selection needed for healthcare professionals and public health to <strong>our customers<\/strong> <strong>in four different continents of the world.<\/strong><\/p>\n<p>Our team is proud to provide you the best customer service in choice of quality medical equipment, and a knowledgeable, understanding customer experience.[\/vc_column_text][\/vc_column][vc_column width=&#8221;1\/2&#8243; rt_column_shadow=&#8221;&#8221; rt_bg_image_repeat=&#8221;repeat&#8221; rt_bg_size=&#8221;auto auto&#8221; rt_bg_attachment=&#8221;scroll&#8221; rt_margin_top=&#8221;-200&#8243; rt_bg_color=&#8221;&#8221; rt_padding_left=&#8221;30&#8243; rt_padding_right=&#8221;30&#8243;]<div  class=\"circle-slider\" data-background-images=\"https:\/\/www.medikasol.com\/wp-content\/uploads\/2020\/05\/Medikasol-Sa\u011fl\u0131k-\u00dcr\u00fcnleri-Koruyucu-Maskeler-1.png,https:\/\/www.medikasol.com\/wp-content\/uploads\/2020\/05\/Medikasol-Sa\u011fl\u0131k-\u00dcr\u00fcnleri-Koruyucu-Giysiler-Laboratuvar-K\u0131yafetleri.png,https:\/\/www.medikasol.com\/wp-content\/uploads\/2020\/05\/Medikasol-Sa\u011fl\u0131k-\u00dcr\u00fcnleri-Koruyucu-Giysiler-Y\u00fcz-Siperlik-Hastane.png,https:\/\/www.medikasol.com\/wp-content\/uploads\/2020\/05\/Medikasol-Sa\u011fl\u0131k-\u00dcr\u00fcnleri-Koruyucu-Maskeler-Cerrahi-Y\u00fcz-Maskeleri-Modelleri.png\">\n<div class=\"circle-one\"><\/div>\n<div class=\"circle-two\"><\/div>\n<div class=\"circle-three\"><\/div>\n<div class=\"circle-four\"><\/div>\n<\/div>\n[\/vc_column][\/vc_row][vc_row rt_row_background_width=&#8221;fullwidth&#8221; rt_row_content_width=&#8221;default&#8221; rt_row_style=&#8221;alt-style-1&#8243; rt_row_borders=&#8221;&#8221; rt_row_shadows=&#8221;&#8221; rt_column_view=&#8221;grid&#8221; rt_row_paddings=&#8221;true&#8221; rt_bg_effect=&#8221;classic&#8221; rt_bg_image_repeat=&#8221;repeat&#8221; rt_bg_size=&#8221;cover&#8221; rt_bg_position=&#8221;right top&#8221; rt_bg_attachment=&#8221;scroll&#8221; rt_bg_video_format=&#8221;self-hosted&#8221; rt_grid=&#8221;true&#8221; rt_padding_top=&#8221;80&#8243; rt_padding_bottom=&#8221;80&#8243;][vc_column width=&#8221;1\/2&#8243; rt_column_shadow=&#8221;true&#8221; rt_bg_image_repeat=&#8221;repeat&#8221; rt_bg_size=&#8221;auto auto&#8221; rt_bg_attachment=&#8221;scroll&#8221; rt_bg_color=&#8221;#fbfbfb&#8221; rt_padding_top=&#8221;50&#8243; rt_padding_bottom=&#8221;50&#8243; rt_padding_left=&#8221;50&#8243; rt_padding_right=&#8221;50&#8243;]<div class=\"rt_heading_wrapper style-3\">\n\t\t\t\t\t\t<h4 class=\"rt_heading  style-3\" >Our Mission<\/h4>\n\t\t\t\t\t<\/div>[vc_column_text]\t \n\t\t<div  class=\"bullet-list style-3  star\">\n\t\t<ul>\n<li>Wholesale of protective health products that healthcare market participants around the world need at affordable prices,<\/li>\n<li>To offer Medikasol products to our customers from all over the world at competitive prices in our services related to medical and health products,<\/li>\n<li>To meet the requirements of public and private hospitals worldwide,<\/li>\n<li>Participating in health projects (supply of medical equipment and products),<\/li>\n<li>Providing services for NGOs and Humanitarian Aid Organizations all around the world,<\/li>\n<li>And to provide procurement for clinical researches.<\/li>\n<\/ul>\n\n\t\t<\/div>\n\t[\/vc_column_text][\/vc_column][vc_column width=&#8221;1\/2&#8243; rt_column_shadow=&#8221;true&#8221; rt_bg_image_repeat=&#8221;repeat&#8221; rt_bg_size=&#8221;auto auto&#8221; rt_bg_attachment=&#8221;scroll&#8221; rt_padding_top=&#8221;50&#8243; rt_padding_bottom=&#8221;50&#8243; rt_padding_left=&#8221;50&#8243; rt_padding_right=&#8221;50&#8243; rt_bg_color=&#8221;#ffffff&#8221;]<div class=\"rt_heading_wrapper style-3\">\n\t\t\t\t\t\t<h4 class=\"rt_heading  style-3\" >Our Vision<\/h4>\n\t\t\t\t\t<\/div>[vc_column_text]\t \n\t\t<div  class=\"bullet-list style-3  star\">\n\t\t<ul>\n<li>Medikasol, together with its customers, partners and employees, believes that affordable medical equipment should be easily accessible to healthcare participants worldwide, regardless of country or origin.<\/li>\n<li>Therefore, our core belief in guiding our business is simple: our products must be accessible at competitive prices to every stakeholder in healthcare business in every corner of the world!<\/li>\n<li>Our zero-tolerance policy ensures a consistently high level of service in the processing of procurement, storage and deliveries.<\/li>\n<li>The quality management system we follow at the multinational level enables our customers to obtain a personalized solution according to their wishes.<\/li>\n<li>The quality management system that we follow at multinational level enables our customers to obtain a personalized solution according to their wishes.<\/li>\n<li><strong>Medikasol<\/strong>\u00a0continuously improves all its services especially in terms of quality standards and cost effectiveness.<\/li>\n<\/ul>\n\n\t\t<\/div>\n\t[\/vc_column_text][\/vc_column][\/vc_row][vc_row rt_row_background_width=&#8221;fullwidth&#8221; rt_row_content_width=&#8221;fullwidth&#8221; rt_row_style=&#8221;alt-style-2&#8243; rt_row_borders=&#8221;&#8221; rt_row_shadows=&#8221;&#8221; rt_column_view=&#8221;equal_heights&#8221; rt_row_paddings=&#8221;false&#8221; rt_bg_effect=&#8221;classic&#8221; rt_bg_image_repeat=&#8221;repeat&#8221; rt_bg_size=&#8221;cover&#8221; rt_bg_position=&#8221;right top&#8221; rt_bg_attachment=&#8221;scroll&#8221; rt_bg_video_format=&#8221;self-hosted&#8221;][vc_column width=&#8221;1\/3&#8243; rt_column_shadow=&#8221;&#8221; rt_bg_image_repeat=&#8221;repeat&#8221; rt_bg_size=&#8221;auto auto&#8221; rt_bg_attachment=&#8221;scroll&#8221; rt_bg_color=&#8221;rgba(0,0,0,0.1)&#8221; rt_padding_top=&#8221;60&#8243; rt_padding_bottom=&#8221;60&#8243; rt_padding_left=&#8221;60&#8243; rt_padding_right=&#8221;60&#8243;]<div class=\"rt_heading_wrapper style-4\">\n\t\t\t\t\t\t<h3 class=\"rt_heading  with_punchline style-4\" ><span class=\"punchline\">Medical Products Manufacturing &amp; Supply<\/span>International Reliability<\/h3>\n\t\t\t\t\t<\/div>[vc_column_text]Medikasol is a main supplier specializing in the supply of medical equipment on an international basis. Our company, which was established with the aim of expanding its service on a global scale, continues to be an integral part of the market and to serve with the aim of continuous development without compromising its quality.[\/vc_column_text][\/vc_column][vc_column width=&#8221;1\/3&#8243; rt_column_shadow=&#8221;&#8221; rt_bg_image_repeat=&#8221;repeat&#8221; rt_bg_size=&#8221;auto auto&#8221; rt_bg_attachment=&#8221;scroll&#8221; rt_bg_color=&#8221;rgba(0,0,0,0.05)&#8221; rt_padding_top=&#8221;60&#8243; rt_padding_bottom=&#8221;60&#8243; rt_padding_left=&#8221;60&#8243; rt_padding_right=&#8221;60&#8243;]<div class=\"rt_heading_wrapper style-4\">\n\t\t\t\t\t\t<h3 class=\"rt_heading  with_punchline style-4\" ><span class=\"punchline\">Healthy World, Healthy Life<\/span>Social Responsibility<\/h3>\n\t\t\t\t\t<\/div>[vc_column_text]With the wide range of products we have in the field of medical equipment, we contribute to social responsibility projects that we are part of not only in our country but also in regions that suffer from a lack of medical equipment all over the world.[\/vc_column_text][\/vc_column][vc_column width=&#8221;1\/3&#8243; rt_column_shadow=&#8221;&#8221; rt_bg_image_repeat=&#8221;repeat&#8221; rt_bg_size=&#8221;auto auto&#8221; rt_bg_attachment=&#8221;scroll&#8221; rt_padding_top=&#8221;60&#8243; rt_padding_bottom=&#8221;60&#8243; rt_padding_left=&#8221;60&#8243; rt_padding_right=&#8221;60&#8243; rt_bg_color=&#8221;&#8221;]<div class=\"rt_heading_wrapper style-4\">\n\t\t\t\t\t\t<h3 class=\"rt_heading  with_punchline style-4\" ><span class=\"punchline\">Quality &amp; Experience<\/span>Wide Supply Chain<\/h3>\n\t\t\t\t\t<\/div>[vc_column_text]Our company has been developing its competence in all aspects to create a reliable and quality supply chain that effectively implements supply, storage and transportation solutions since its establishment. Our primary goal is to produce fast and reliable solutions to all needs that are required through our network.[\/vc_column_text][\/vc_column][\/vc_row][vc_row rt_row_background_width=&#8221;fullwidth&#8221; rt_row_content_width=&#8221;default&#8221; rt_row_style=&#8221;alt-style-2&#8243; rt_row_borders=&#8221;&#8221; rt_row_shadows=&#8221;&#8221; rt_row_paddings=&#8221;true&#8221; rt_bg_effect=&#8221;parallax&#8221; rt_bg_parallax_effect=&#8221;3&#8243; rt_bg_image_repeat=&#8221;no-repeat&#8221; rt_bg_size=&#8221;cover&#8221; rt_bg_position=&#8221;center center&#8221; rt_bg_video_format=&#8221;self-hosted&#8221; rt_grid=&#8221;true&#8221; rt_padding_top=&#8221;100&#8243; rt_padding_bottom=&#8221;140&#8243; rt_bg_image=&#8221;2368&#8243; rt_bg_overlay_color=&#8221;rgba(49,71,77,0.75)&#8221;][vc_column rt_column_shadow=&#8221;&#8221; rt_bg_image_repeat=&#8221;repeat&#8221; rt_bg_size=&#8221;auto auto&#8221; rt_bg_attachment=&#8221;scroll&#8221;]<div class=\"rt_heading_wrapper style-4\">\n\t\t\t\t\t\t<h3 class=\"rt_heading  style-4\" >PROTECTIVE MEDICAL SOLUTIONS FOR A HEALTHIER WORLD<\/h3>\n\t\t\t\t\t<\/div>\r\n\t\t\t\t<div id=\"slider-testimonial-dynamicID-573198\" class=\"rt-carousel carousel-holder clearfix testimonial-carousel testimonials center big\" data-item-width=\"1\" data-nav=\"true\" data-dots=\"false\" data-margin=\"40\" data-autoplay=\"false\" data-timeout=\"5000\" data-thumbnails=\"false\" data-boxed=\"false\">\r\n\t\t\t\t\t<div class=\"owl-carousel\">\r\n\t\t\t\t\t\t<div><div class=\"testimonial item\">\n\n\n\n<div class=\"text \">\n\t<p>\n\t\t<span class=\"icon-quote-left\"><\/span>\n\t\t\tMedikasol has adopted the role of defending a better and healthier world with its expert staff and solution partners that have the production facilities and product quality at the highest health standards.\t\t<span class=\"icon-quote-right\"><\/span>\n\t<\/p>\n\t<div class=\"client_info\">\n\n\t\t\t \n\t\t\t\t\n\t\t\t\t\t\n\t\t\n\n\t<\/div>\n<\/div><\/div>\n<\/div><div><div class=\"testimonial item\">\n\n\n\n<div class=\"text \">\n\t<p>\n\t\t<span class=\"icon-quote-left\"><\/span>\n\t\t\tOur team is proud to provide you the best customer service in choice of quality medical equipment, and a knowledgeable, understanding customer experience.\t\t<span class=\"icon-quote-right\"><\/span>\n\t<\/p>\n\t<div class=\"client_info\">\n\n\t\t\t \n\t\t\t\t\n\t\t\t\t\t\n\t\t\n\n\t<\/div>\n<\/div><\/div>\n<\/div>\r\n\t\t\t\t\t<\/div>\r\n\t\t\t\t\t\r\n\t\t\t\t\t\r\n\t\t\t\t<\/div>\r\n\t\t\t[\/vc_column][\/vc_row]<\/p>\n","protected":false},"excerpt":{"rendered":"<p>[vc_row rt_row_background_width=&#8221;fullwidth&#8221; rt_row_content_width=&#8221;default&#8221; rt_row_style=&#8221;alt-style-2&#8243; rt_row_borders=&#8221;&#8221; rt_row_shadows=&#8221;&#8221; rt_row_paddings=&#8221;true&#8221; rt_bg_effect=&#8221;parallax&#8221; rt_bg_parallax_effect=&#8221;1&#8243; rt_bg_image_repeat=&#8221;repeat&#8221; rt_bg_size=&#8221;cover&#8221; rt_bg_position=&#8221;center bottom&#8221; rt_bg_video_format=&#8221;self-hosted&#8221; rt_padding_top=&#8221;190&#8243; rt_padding_bottom=&#8221;0&#8243; rt_grid=&#8221;&#8221; rt_bg_color=&#8221;#a2a5aa&#8221; rt_bg_overlay_color=&#8221;rgba(162,165,170,0.75)&#8221; rt_bg_image=&#8221;1911&#8243;][vc_column width=&#8221;1\/2&#8243; rt_column_shadow=&#8221;&#8221; rt_bg_image_repeat=&#8221;repeat&#8221; rt_bg_size=&#8221;auto auto&#8221; rt_bg_attachment=&#8221;scroll&#8221;][vc_empty_space height=&#8221;90px&#8221;][\/vc_column][vc_column width=&#8221;1\/2&#8243; rt_column_shadow=&#8221;&#8221; rt_bg_image_repeat=&#8221;repeat&#8221; rt_bg_size=&#8221;auto auto&#8221; rt_bg_attachment=&#8221;scroll&#8221;][vc_column_text] [\/vc_column_text][\/vc_column][\/vc_row][vc_row rt_row_background_width=&#8221;fullwidth&#8221; rt_row_content_width=&#8221;default&#8221; rt_row_style=&#8221;default-style&#8221; rt_row_borders=&#8221;bottom&#8221; rt_row_shadows=&#8221;&#8221; rt_row_paddings=&#8221;true&#8221; rt_bg_effect=&#8221;classic&#8221; rt_bg_image_repeat=&#8221;repeat&#8221; rt_bg_size=&#8221;cover&#8221; rt_bg_position=&#8221;right top&#8221; rt_bg_attachment=&#8221;scroll&#8221; rt_bg_video_format=&#8221;self-hosted&#8221; rt_padding_bottom=&#8221;60&#8243;][vc_column width=&#8221;1\/2&#8243; rt_column_shadow=&#8221;&#8221; rt_bg_image_repeat=&#8221;repeat&#8221; rt_bg_size=&#8221;auto auto&#8221; rt_bg_attachment=&#8221;scroll&#8221;][vc_column_text]The use &#8230; <a class=\"more-link\" href=\"https:\/\/www.medikasol.com\/en\/testimonial\/medikasol-hizmetler\/\">Continue reading<\/a><\/p>\n","protected":false},"author":1,"featured_media":0,"parent":0,"menu_order":0,"comment_status":"closed","ping_status":"closed","template":"","meta":[],"yoast_head":"<!-- This site is optimized with the Yoast SEO plugin v17.7.1 - https:\/\/yoast.com\/wordpress\/plugins\/seo\/ -->\n<title>About Us - Medikasol<\/title>\n<meta name=\"robots\" content=\"index, follow, max-snippet:-1, max-image-preview:large, max-video-preview:-1\" \/>\n<link rel=\"canonical\" href=\"https:\/\/www.medikasol.com\/en\/about-us\/\" \/>\n<meta property=\"og:locale\" content=\"en_US\" \/>\n<meta property=\"og:type\" content=\"article\" \/>\n<meta property=\"og:title\" content=\"About Us - Medikasol\" \/>\n<meta property=\"og:description\" content=\"[vc_row rt_row_background_width=&#8221;fullwidth&#8221; rt_row_content_width=&#8221;default&#8221; rt_row_style=&#8221;alt-style-2&#8243; rt_row_borders=&#8221;&#8221; rt_row_shadows=&#8221;&#8221; rt_row_paddings=&#8221;true&#8221; rt_bg_effect=&#8221;parallax&#8221; rt_bg_parallax_effect=&#8221;1&#8243; rt_bg_image_repeat=&#8221;repeat&#8221; rt_bg_size=&#8221;cover&#8221; rt_bg_position=&#8221;center bottom&#8221; rt_bg_video_format=&#8221;self-hosted&#8221; rt_padding_top=&#8221;190&#8243; rt_padding_bottom=&#8221;0&#8243; rt_grid=&#8221;&#8221; rt_bg_color=&#8221;#a2a5aa&#8221; rt_bg_overlay_color=&#8221;rgba(162,165,170,0.75)&#8221; rt_bg_image=&#8221;1911&#8243;][vc_column width=&#8221;1\/2&#8243; rt_column_shadow=&#8221;&#8221; rt_bg_image_repeat=&#8221;repeat&#8221; rt_bg_size=&#8221;auto auto&#8221; rt_bg_attachment=&#8221;scroll&#8221;][vc_empty_space height=&#8221;90px&#8221;][\/vc_column][vc_column width=&#8221;1\/2&#8243; rt_column_shadow=&#8221;&#8221; rt_bg_image_repeat=&#8221;repeat&#8221; rt_bg_size=&#8221;auto auto&#8221; rt_bg_attachment=&#8221;scroll&#8221;][vc_column_text] [\/vc_column_text][\/vc_column][\/vc_row][vc_row rt_row_background_width=&#8221;fullwidth&#8221; rt_row_content_width=&#8221;default&#8221; rt_row_style=&#8221;default-style&#8221; rt_row_borders=&#8221;bottom&#8221; rt_row_shadows=&#8221;&#8221; rt_row_paddings=&#8221;true&#8221; rt_bg_effect=&#8221;classic&#8221; rt_bg_image_repeat=&#8221;repeat&#8221; rt_bg_size=&#8221;cover&#8221; rt_bg_position=&#8221;right top&#8221; rt_bg_attachment=&#8221;scroll&#8221; rt_bg_video_format=&#8221;self-hosted&#8221; rt_padding_bottom=&#8221;60&#8243;][vc_column width=&#8221;1\/2&#8243; rt_column_shadow=&#8221;&#8221; rt_bg_image_repeat=&#8221;repeat&#8221; rt_bg_size=&#8221;auto auto&#8221; rt_bg_attachment=&#8221;scroll&#8221;][vc_column_text]The use [&hellip;]\" \/>\n<meta property=\"og:url\" content=\"https:\/\/www.medikasol.com\/en\/about-us\/\" \/>\n<meta property=\"og:site_name\" content=\"Medikasol\" \/>\n<meta property=\"article:modified_time\" content=\"2020-06-24T11:29:49+00:00\" \/>\n<meta name=\"twitter:card\" content=\"summary_large_image\" \/>\n<meta name=\"twitter:label1\" content=\"Est. reading time\" \/>\n\t<meta name=\"twitter:data1\" content=\"7 minutes\" \/>\n<script type=\"application\/ld+json\" class=\"yoast-schema-graph\">{\"@context\":\"https:\/\/schema.org\",\"@graph\":[{\"@type\":\"WebSite\",\"@id\":\"https:\/\/www.medikasol.com\/#website\",\"url\":\"https:\/\/www.medikasol.com\/\",\"name\":\"Medikasol\",\"description\":\"Protective Medical Solutions for a Healthier World\",\"potentialAction\":[{\"@type\":\"SearchAction\",\"target\":{\"@type\":\"EntryPoint\",\"urlTemplate\":\"https:\/\/www.medikasol.com\/?s={search_term_string}\"},\"query-input\":\"required name=search_term_string\"}],\"inLanguage\":\"en-US\"},{\"@type\":\"WebPage\",\"@id\":\"https:\/\/www.medikasol.com\/en\/about-us\/#webpage\",\"url\":\"https:\/\/www.medikasol.com\/en\/about-us\/\",\"name\":\"About Us - Medikasol\",\"isPartOf\":{\"@id\":\"https:\/\/www.medikasol.com\/#website\"},\"datePublished\":\"2020-05-21T02:33:10+00:00\",\"dateModified\":\"2020-06-24T11:29:49+00:00\",\"breadcrumb\":{\"@id\":\"https:\/\/www.medikasol.com\/en\/about-us\/#breadcrumb\"},\"inLanguage\":\"en-US\",\"potentialAction\":[{\"@type\":\"ReadAction\",\"target\":[\"https:\/\/www.medikasol.com\/en\/about-us\/\"]}]},{\"@type\":\"BreadcrumbList\",\"@id\":\"https:\/\/www.medikasol.com\/en\/about-us\/#breadcrumb\",\"itemListElement\":[{\"@type\":\"ListItem\",\"position\":1,\"name\":\"Ana sayfa\",\"item\":\"https:\/\/www.medikasol.com\/en\/\"},{\"@type\":\"ListItem\",\"position\":2,\"name\":\"About Us\"}]}]}<\/script>\n<!-- \/ Yoast SEO plugin. -->","yoast_head_json":{"title":"About Us - Medikasol","robots":{"index":"index","follow":"follow","max-snippet":"max-snippet:-1","max-image-preview":"max-image-preview:large","max-video-preview":"max-video-preview:-1"},"canonical":"https:\/\/www.medikasol.com\/en\/about-us\/","og_locale":"en_US","og_type":"article","og_title":"About Us - Medikasol","og_description":"[vc_row rt_row_background_width=&#8221;fullwidth&#8221; rt_row_content_width=&#8221;default&#8221; rt_row_style=&#8221;alt-style-2&#8243; rt_row_borders=&#8221;&#8221; rt_row_shadows=&#8221;&#8221; rt_row_paddings=&#8221;true&#8221; rt_bg_effect=&#8221;parallax&#8221; rt_bg_parallax_effect=&#8221;1&#8243; rt_bg_image_repeat=&#8221;repeat&#8221; rt_bg_size=&#8221;cover&#8221; rt_bg_position=&#8221;center bottom&#8221; rt_bg_video_format=&#8221;self-hosted&#8221; rt_padding_top=&#8221;190&#8243; rt_padding_bottom=&#8221;0&#8243; rt_grid=&#8221;&#8221; rt_bg_color=&#8221;#a2a5aa&#8221; rt_bg_overlay_color=&#8221;rgba(162,165,170,0.75)&#8221; rt_bg_image=&#8221;1911&#8243;][vc_column width=&#8221;1\/2&#8243; rt_column_shadow=&#8221;&#8221; rt_bg_image_repeat=&#8221;repeat&#8221; rt_bg_size=&#8221;auto auto&#8221; rt_bg_attachment=&#8221;scroll&#8221;][vc_empty_space height=&#8221;90px&#8221;][\/vc_column][vc_column width=&#8221;1\/2&#8243; rt_column_shadow=&#8221;&#8221; rt_bg_image_repeat=&#8221;repeat&#8221; rt_bg_size=&#8221;auto auto&#8221; rt_bg_attachment=&#8221;scroll&#8221;][vc_column_text] [\/vc_column_text][\/vc_column][\/vc_row][vc_row rt_row_background_width=&#8221;fullwidth&#8221; rt_row_content_width=&#8221;default&#8221; rt_row_style=&#8221;default-style&#8221; rt_row_borders=&#8221;bottom&#8221; rt_row_shadows=&#8221;&#8221; rt_row_paddings=&#8221;true&#8221; rt_bg_effect=&#8221;classic&#8221; rt_bg_image_repeat=&#8221;repeat&#8221; rt_bg_size=&#8221;cover&#8221; rt_bg_position=&#8221;right top&#8221; rt_bg_attachment=&#8221;scroll&#8221; rt_bg_video_format=&#8221;self-hosted&#8221; rt_padding_bottom=&#8221;60&#8243;][vc_column width=&#8221;1\/2&#8243; rt_column_shadow=&#8221;&#8221; rt_bg_image_repeat=&#8221;repeat&#8221; rt_bg_size=&#8221;auto auto&#8221; rt_bg_attachment=&#8221;scroll&#8221;][vc_column_text]The use [&hellip;]","og_url":"https:\/\/www.medikasol.com\/en\/about-us\/","og_site_name":"Medikasol","article_modified_time":"2020-06-24T11:29:49+00:00","twitter_card":"summary_large_image","twitter_misc":{"Est. reading time":"7 minutes"},"schema":{"@context":"https:\/\/schema.org","@graph":[{"@type":"WebSite","@id":"https:\/\/www.medikasol.com\/#website","url":"https:\/\/www.medikasol.com\/","name":"Medikasol","description":"Protective Medical Solutions for a Healthier World","potentialAction":[{"@type":"SearchAction","target":{"@type":"EntryPoint","urlTemplate":"https:\/\/www.medikasol.com\/?s={search_term_string}"},"query-input":"required name=search_term_string"}],"inLanguage":"en-US"},{"@type":"WebPage","@id":"https:\/\/www.medikasol.com\/en\/about-us\/#webpage","url":"https:\/\/www.medikasol.com\/en\/about-us\/","name":"About Us - Medikasol","isPartOf":{"@id":"https:\/\/www.medikasol.com\/#website"},"datePublished":"2020-05-21T02:33:10+00:00","dateModified":"2020-06-24T11:29:49+00:00","breadcrumb":{"@id":"https:\/\/www.medikasol.com\/en\/about-us\/#breadcrumb"},"inLanguage":"en-US","potentialAction":[{"@type":"ReadAction","target":["https:\/\/www.medikasol.com\/en\/about-us\/"]}]},{"@type":"BreadcrumbList","@id":"https:\/\/www.medikasol.com\/en\/about-us\/#breadcrumb","itemListElement":[{"@type":"ListItem","position":1,"name":"Ana sayfa","item":"https:\/\/www.medikasol.com\/en\/"},{"@type":"ListItem","position":2,"name":"About Us"}]}]}},"_links":{"self":[{"href":"https:\/\/www.medikasol.com\/en\/wp-json\/wp\/v2\/pages\/3203"}],"collection":[{"href":"https:\/\/www.medikasol.com\/en\/wp-json\/wp\/v2\/pages"}],"about":[{"href":"https:\/\/www.medikasol.com\/en\/wp-json\/wp\/v2\/types\/page"}],"author":[{"embeddable":true,"href":"https:\/\/www.medikasol.com\/en\/wp-json\/wp\/v2\/users\/1"}],"replies":[{"embeddable":true,"href":"https:\/\/www.medikasol.com\/en\/wp-json\/wp\/v2\/comments?post=3203"}],"version-history":[{"count":17,"href":"https:\/\/www.medikasol.com\/en\/wp-json\/wp\/v2\/pages\/3203\/revisions"}],"predecessor-version":[{"id":4067,"href":"https:\/\/www.medikasol.com\/en\/wp-json\/wp\/v2\/pages\/3203\/revisions\/4067"}],"wp:attachment":[{"href":"https:\/\/www.medikasol.com\/en\/wp-json\/wp\/v2\/media?parent=3203"}],"curies":[{"name":"wp","href":"https:\/\/api.w.org\/{rel}","templated":true}]}}